{"id":10465,"date":"2024-10-04T10:57:23","date_gmt":"2024-10-04T08:57:23","guid":{"rendered":"https:\/\/innovacioncolectiva.es\/malagaworkbay\/visa-for-entrepreneurs\/"},"modified":"2025-10-25T14:09:44","modified_gmt":"2025-10-25T12:09:44","slug":"visa-for-entrepreneurs","status":"publish","type":"page","link":"https:\/\/malagaworkbay.com\/en\/visa-for-entrepreneurs\/","title":{"rendered":"Visa for Entrepreneurs"},"content":{"rendered":"\t\t<div data-elementor-type=\"wp-page\" data-elementor-id=\"10465\" class=\"elementor elementor-10465 elementor-10106\" data-elementor-post-type=\"page\">\n\t\t\t\t\t\t<section class=\"elementor-section elementor-top-section elementor-element elementor-element-3f73a33 elementor-section-boxed elementor-section-height-default elementor-section-height-default\" data-id=\"3f73a33\" data-element_type=\"section\" data-e-type=\"section\" data-settings=\"{&quot;background_background&quot;:&quot;classic&quot;}\">\n\t\t\t\t\t\t<div class=\"elementor-container elementor-column-gap-default\">\n\t\t\t\t\t<div class=\"elementor-column elementor-col-50 elementor-top-column elementor-element elementor-element-4685e52 full-height-column-tramite\" data-id=\"4685e52\" data-element_type=\"column\" data-e-type=\"column\">\n\t\t\t<div class=\"elementor-widget-wrap elementor-element-populated\">\n\t\t\t\t\t\t<div class=\"elementor-element elementor-element-af026a7 elementor-widget elementor-widget-heading\" data-id=\"af026a7\" data-element_type=\"widget\" data-e-type=\"widget\" data-widget_type=\"heading.default\">\n\t\t\t\t<div class=\"elementor-widget-container\">\n\t\t\t\t\t<h2 class=\"elementor-heading-title elementor-size-default\">Formalities<\/h2>\t\t\t\t<\/div>\n\t\t\t\t<\/div>\n\t\t\t\t<div class=\"elementor-element elementor-element-ece8f48 elementor-widget elementor-widget-heading\" data-id=\"ece8f48\" data-element_type=\"widget\" data-e-type=\"widget\" data-widget_type=\"heading.default\">\n\t\t\t\t<div class=\"elementor-widget-container\">\n\t\t\t\t\t<h2 class=\"elementor-heading-title elementor-size-default\">Visa for Entrepreneurs<\/h2>\t\t\t\t<\/div>\n\t\t\t\t<\/div>\n\t\t\t\t\t<\/div>\n\t\t<\/div>\n\t\t\t\t<div class=\"elementor-column elementor-col-50 elementor-top-column elementor-element elementor-element-b826cd6 full-height-column-tramite-scroll\" data-id=\"b826cd6\" data-element_type=\"column\" data-e-type=\"column\" data-settings=\"{&quot;background_background&quot;:&quot;classic&quot;}\">\n\t\t\t<div class=\"elementor-widget-wrap elementor-element-populated\">\n\t\t\t\t\t\t<div class=\"elementor-element elementor-element-cc4dffd elementor-widget elementor-widget-heading\" data-id=\"cc4dffd\" data-element_type=\"widget\" data-e-type=\"widget\" data-widget_type=\"heading.default\">\n\t\t\t\t<div class=\"elementor-widget-container\">\n\t\t\t\t\t<h2 class=\"elementor-heading-title elementor-size-default\">Spain offers an attractive option for non-EU entrepreneurs who wish to develop innovative projects in the country. This visa allows entrepreneurs and their families to reside in Spain and contribute to the country\u2019s economic and technological growth. Below is a detailed guide to the Visa for Entrepreneurs, addressing the most common questions that may arise.<\/h2>\t\t\t\t<\/div>\n\t\t\t\t<\/div>\n\t\t\t\t<div class=\"elementor-element elementor-element-3b39458 elementor-widget elementor-widget-accordion\" data-id=\"3b39458\" data-element_type=\"widget\" data-e-type=\"widget\" data-widget_type=\"accordion.default\">\n\t\t\t\t<div class=\"elementor-widget-container\">\n\t\t\t\t\t\t\t<div class=\"elementor-accordion\">\n\t\t\t\t\t\t\t<div class=\"elementor-accordion-item\">\n\t\t\t\t\t<div id=\"elementor-tab-title-6211\" class=\"elementor-tab-title\" data-tab=\"1\" role=\"button\" aria-controls=\"elementor-tab-content-6211\" aria-expanded=\"false\">\n\t\t\t\t\t\t\t\t\t\t\t\t\t<span class=\"elementor-accordion-icon elementor-accordion-icon-right\" aria-hidden=\"true\">\n\t\t\t\t\t\t\t\t\t\t\t\t\t\t\t<span class=\"elementor-accordion-icon-closed\"><i class=\"fas fa-chevron-down\"><\/i><\/span>\n\t\t\t\t\t\t\t\t<span class=\"elementor-accordion-icon-opened\"><i class=\"fas fa-chevron-up\"><\/i><\/span>\n\t\t\t\t\t\t\t\t\t\t\t\t\t\t<\/span>\n\t\t\t\t\t\t\t\t\t\t\t\t<a class=\"elementor-accordion-title\" tabindex=\"0\">What is the Visa for Entrepreneurs?<\/a>\n\t\t\t\t\t<\/div>\n\t\t\t\t\t<div id=\"elementor-tab-content-6211\" class=\"elementor-tab-content elementor-clearfix\" data-tab=\"1\" role=\"region\" aria-labelledby=\"elementor-tab-title-6211\"><p><span style=\"font-weight: 400;\">The Visa for Entrepreneurs is a residence permit that allows non-EU citizens to reside in Spain if they develop an innovative business project of economic interest to the country. This visa is part of the Entrepreneurs Law (Law 14\/2013 and Law 28\/2022), designed to attract talent and encourage entrepreneurship in Spain.<\/span><\/p>\n<\/div>\n\t\t\t\t<\/div>\n\t\t\t\t\t\t\t<div class=\"elementor-accordion-item\">\n\t\t\t\t\t<div id=\"elementor-tab-title-6212\" class=\"elementor-tab-title\" data-tab=\"2\" role=\"button\" aria-controls=\"elementor-tab-content-6212\" aria-expanded=\"false\">\n\t\t\t\t\t\t\t\t\t\t\t\t\t<span class=\"elementor-accordion-icon elementor-accordion-icon-right\" aria-hidden=\"true\">\n\t\t\t\t\t\t\t\t\t\t\t\t\t\t\t<span class=\"elementor-accordion-icon-closed\"><i class=\"fas fa-chevron-down\"><\/i><\/span>\n\t\t\t\t\t\t\t\t<span class=\"elementor-accordion-icon-opened\"><i class=\"fas fa-chevron-up\"><\/i><\/span>\n\t\t\t\t\t\t\t\t\t\t\t\t\t\t<\/span>\n\t\t\t\t\t\t\t\t\t\t\t\t<a class=\"elementor-accordion-title\" tabindex=\"0\">What are the requirements for applying for the Visa for Entrepreneurs?<\/a>\n\t\t\t\t\t<\/div>\n\t\t\t\t\t<div id=\"elementor-tab-content-6212\" class=\"elementor-tab-content elementor-clearfix\" data-tab=\"2\" role=\"region\" aria-labelledby=\"elementor-tab-title-6212\"><p><span style=\"font-weight: 400;\">To apply for the Visa for Entrepreneurs, the following requirements must be met:<\/span><\/p>\n<ol>\n<li style=\"font-weight: 400;\" aria-level=\"1\"><span style=\"font-weight: 400;\">Not be a citizen of the European Union.<\/span><\/li>\n<li style=\"font-weight: 400;\" aria-level=\"1\"><span style=\"font-weight: 400;\">Be over 18 years of age.<\/span><\/li>\n<li style=\"font-weight: 400;\" aria-level=\"1\"><span style=\"font-weight: 400;\">Not have a criminal record in Spain or in the countries where you have resided in the last 5 years.<\/span><\/li>\n<li style=\"font-weight: 400;\" aria-level=\"1\"><span style=\"font-weight: 400;\">Have public or private health insurance valid in Spain.<\/span><\/li>\n<li style=\"font-weight: 400;\" aria-level=\"1\"><span style=\"font-weight: 400;\">Have sufficient economic resources to support yourself and your family in Spain.<\/span><\/li>\n<li style=\"font-weight: 400;\" aria-level=\"1\"><b>Present a business plan:<\/b><span> The project must be innovative, scalable, and of special economic interest to Spain.<\/span><\/li>\n<\/ol>\n<\/div>\n\t\t\t\t<\/div>\n\t\t\t\t\t\t\t<div class=\"elementor-accordion-item\">\n\t\t\t\t\t<div id=\"elementor-tab-title-6213\" class=\"elementor-tab-title\" data-tab=\"3\" role=\"button\" aria-controls=\"elementor-tab-content-6213\" aria-expanded=\"false\">\n\t\t\t\t\t\t\t\t\t\t\t\t\t<span class=\"elementor-accordion-icon elementor-accordion-icon-right\" aria-hidden=\"true\">\n\t\t\t\t\t\t\t\t\t\t\t\t\t\t\t<span class=\"elementor-accordion-icon-closed\"><i class=\"fas fa-chevron-down\"><\/i><\/span>\n\t\t\t\t\t\t\t\t<span class=\"elementor-accordion-icon-opened\"><i class=\"fas fa-chevron-up\"><\/i><\/span>\n\t\t\t\t\t\t\t\t\t\t\t\t\t\t<\/span>\n\t\t\t\t\t\t\t\t\t\t\t\t<a class=\"elementor-accordion-title\" tabindex=\"0\">What steps must I follow to obtain the Visa for Entrepreneurs?<\/a>\n\t\t\t\t\t<\/div>\n\t\t\t\t\t<div id=\"elementor-tab-content-6213\" class=\"elementor-tab-content elementor-clearfix\" data-tab=\"3\" role=\"region\" aria-labelledby=\"elementor-tab-title-6213\"><ul>\n<li style=\"font-weight: 400;\" aria-level=\"1\"><b>Submit the business plan:<\/b><span style=\"font-weight: 400;\"> The first step is to submit a business plan to ENISA (Empresa Nacional de Innovaci\u00f3n). The plan must demonstrate the innovation and viability of the project, as well as its potential to generate employment and add value to the Spanish economy. <\/span><a href=\"https:\/\/www.enisa.es\/\" target=\"_blank\" rel=\"noopener\"><b>Information for Accrediting the Project or Startup<\/b><\/a><\/li>\n<\/ul>\n<ul>\n<li style=\"font-weight: 400;\" aria-level=\"1\"><b>Obtain accreditation of the project:<\/b><span style=\"font-weight: 400;\"> Once the business plan has been submitted, ENISA will evaluate and accredit the project if it meets the necessary requirements.<\/span><\/li>\n<li style=\"font-weight: 400;\" aria-level=\"1\"><b>Apply for the residence permit:<\/b><span style=\"font-weight: 400;\"> With the ENISA accreditation, you can apply for the residence permit. The required forms are:<\/span>\n<ul>\n<li style=\"font-weight: 400;\" aria-level=\"2\"><b>MI-T:<\/b> <a href=\"https:\/\/sede.inclusion.gob.es\/documents\/387478\/0\/Modelo+de+solicitud+de+autorizaci%C3%B3n+residencia+titulares.+MI-T+.pdf\/1d2562eb-63ad-a317-b605-bd412dd5c914?t=1686143414709\" target=\"_blank\" rel=\"noopener\"><span style=\"font-weight: 400;\">For project holders<\/span><\/a><span style=\"font-weight: 400;\">.<\/span><\/li>\n<li style=\"font-weight: 400;\" aria-level=\"2\"><b>MI-F:<\/b><a href=\"https:\/\/sede.inclusion.gob.es\/documents\/387478\/0\/Modelo+de+solicitud+de+%20autorizaci%C3%B3n+de+familiares.+MI-F+.pdf\/b522b728-7195-130d-cd63-9a1020b61036?%20t=1686143441506\" target=\"_blank\" rel=\"noopener\"><span> For family members of the project holder.<\/span><\/a><\/li>\n<\/ul>\n<\/li>\n<\/ul>\n<\/div>\n\t\t\t\t<\/div>\n\t\t\t\t\t\t\t<div class=\"elementor-accordion-item\">\n\t\t\t\t\t<div id=\"elementor-tab-title-6214\" class=\"elementor-tab-title\" data-tab=\"4\" role=\"button\" aria-controls=\"elementor-tab-content-6214\" aria-expanded=\"false\">\n\t\t\t\t\t\t\t\t\t\t\t\t\t<span class=\"elementor-accordion-icon elementor-accordion-icon-right\" aria-hidden=\"true\">\n\t\t\t\t\t\t\t\t\t\t\t\t\t\t\t<span class=\"elementor-accordion-icon-closed\"><i class=\"fas fa-chevron-down\"><\/i><\/span>\n\t\t\t\t\t\t\t\t<span class=\"elementor-accordion-icon-opened\"><i class=\"fas fa-chevron-up\"><\/i><\/span>\n\t\t\t\t\t\t\t\t\t\t\t\t\t\t<\/span>\n\t\t\t\t\t\t\t\t\t\t\t\t<a class=\"elementor-accordion-title\" tabindex=\"0\">What benefits does the Visa for Entrepreneurs offer?<\/a>\n\t\t\t\t\t<\/div>\n\t\t\t\t\t<div id=\"elementor-tab-content-6214\" class=\"elementor-tab-content elementor-clearfix\" data-tab=\"4\" role=\"region\" aria-labelledby=\"elementor-tab-title-6214\"><ul>\n<li style=\"font-weight: 400;\" aria-level=\"1\"><b>Residence in Spain:<\/b><span style=\"font-weight: 400;\"> Allows you to reside and work in Spain.<\/span><\/li>\n<li style=\"font-weight: 400;\" aria-level=\"1\"><b>Schengen Mobility:<\/b><span style=\"font-weight: 400;\"> Freedom of movement within the Schengen Area countries for up to 90 days within a 180-day period.<\/span><\/li>\n<li style=\"font-weight: 400;\" aria-level=\"1\"><b>Includes family:<\/b><span style=\"font-weight: 400;\"> Possibility of including direct family members in the application (spouse and dependents).<\/span><\/li>\n<li style=\"font-weight: 400;\" aria-level=\"1\"><b>Easy renewal:<\/b><span> The visa can be renewed every two years, as long as the entrepreneurial activity is maintained and the requirements are met.<\/span><\/li>\n<\/ul>\n<\/div>\n\t\t\t\t<\/div>\n\t\t\t\t\t\t\t<div class=\"elementor-accordion-item\">\n\t\t\t\t\t<div id=\"elementor-tab-title-6215\" class=\"elementor-tab-title\" data-tab=\"5\" role=\"button\" aria-controls=\"elementor-tab-content-6215\" aria-expanded=\"false\">\n\t\t\t\t\t\t\t\t\t\t\t\t\t<span class=\"elementor-accordion-icon elementor-accordion-icon-right\" aria-hidden=\"true\">\n\t\t\t\t\t\t\t\t\t\t\t\t\t\t\t<span class=\"elementor-accordion-icon-closed\"><i class=\"fas fa-chevron-down\"><\/i><\/span>\n\t\t\t\t\t\t\t\t<span class=\"elementor-accordion-icon-opened\"><i class=\"fas fa-chevron-up\"><\/i><\/span>\n\t\t\t\t\t\t\t\t\t\t\t\t\t\t<\/span>\n\t\t\t\t\t\t\t\t\t\t\t\t<a class=\"elementor-accordion-title\" tabindex=\"0\">\u00bfQu\u00e9 beneficios ofrece la Golden Visa?<\/a>\n\t\t\t\t\t<\/div>\n\t\t\t\t\t<div id=\"elementor-tab-content-6215\" class=\"elementor-tab-content elementor-clearfix\" data-tab=\"5\" role=\"region\" aria-labelledby=\"elementor-tab-title-6215\"><ol>\n<li>Residencia en Espa\u00f1a: Permite residir y trabajar en Espa\u00f1a.<\/li>\n<li>Movilidad Schengen: Libertad de movimiento dentro de los pa\u00edses del Espacio Schengen por 90 d\u00edas dentro de un per\u00edodo de 180 d\u00edas.<\/li>\n<li>Incluye a la familia: Posibilidad de incluir a los familiares directos en la solicitud (c\u00f3nyuge y dependientes).<\/li>\n<li>Renovaci\u00f3n f\u00e1cil: La visa se puede renovar cada dos a\u00f1os, siempre que se mantenga la inversi\u00f3n.<\/li>\n<\/ol>\n<\/div>\n\t\t\t\t<\/div>\n\t\t\t\t\t\t\t<div class=\"elementor-accordion-item\">\n\t\t\t\t\t<div id=\"elementor-tab-title-6216\" class=\"elementor-tab-title\" data-tab=\"6\" role=\"button\" aria-controls=\"elementor-tab-content-6216\" aria-expanded=\"false\">\n\t\t\t\t\t\t\t\t\t\t\t\t\t<span class=\"elementor-accordion-icon elementor-accordion-icon-right\" aria-hidden=\"true\">\n\t\t\t\t\t\t\t\t\t\t\t\t\t\t\t<span class=\"elementor-accordion-icon-closed\"><i class=\"fas fa-chevron-down\"><\/i><\/span>\n\t\t\t\t\t\t\t\t<span class=\"elementor-accordion-icon-opened\"><i class=\"fas fa-chevron-up\"><\/i><\/span>\n\t\t\t\t\t\t\t\t\t\t\t\t\t\t<\/span>\n\t\t\t\t\t\t\t\t\t\t\t\t<a class=\"elementor-accordion-title\" tabindex=\"0\">Where can I find official and detailed information?<\/a>\n\t\t\t\t\t<\/div>\n\t\t\t\t\t<div id=\"elementor-tab-content-6216\" class=\"elementor-tab-content elementor-clearfix\" data-tab=\"6\" role=\"region\" aria-labelledby=\"elementor-tab-title-6216\"><p><span style=\"font-weight: 400;\">For official and detailed information, you can visit the following links:<\/span><\/p>\n<ul>\n<li style=\"font-weight: 400;\" aria-level=\"1\"><b>Ministry of Industry, Trade, and Tourism:<\/b><span style=\"font-weight: 400;\"> Information on the requirements and application process for the Entrepreneurs Visa. Ministry of Industry, Trade, and Tourism<\/span><\/li>\n<li style=\"font-weight: 400;\" aria-level=\"1\"><b>ENISA (Empresa Nacional de Innovaci\u00f3n):<\/b><span> Information on the submission and evaluation of projects. <\/span><a href=\"https:\/\/www.enisa.es\/\" target=\"_blank\" rel=\"noopener\"><span>ENISA<\/span><\/a><\/li>\n<\/ul>\n<\/div>\n\t\t\t\t<\/div>\n\t\t\t\t\t\t\t<div class=\"elementor-accordion-item\">\n\t\t\t\t\t<div id=\"elementor-tab-title-6217\" class=\"elementor-tab-title\" data-tab=\"7\" role=\"button\" aria-controls=\"elementor-tab-content-6217\" aria-expanded=\"false\">\n\t\t\t\t\t\t\t\t\t\t\t\t\t<span class=\"elementor-accordion-icon elementor-accordion-icon-right\" aria-hidden=\"true\">\n\t\t\t\t\t\t\t\t\t\t\t\t\t\t\t<span class=\"elementor-accordion-icon-closed\"><i class=\"fas fa-chevron-down\"><\/i><\/span>\n\t\t\t\t\t\t\t\t<span class=\"elementor-accordion-icon-opened\"><i class=\"fas fa-chevron-up\"><\/i><\/span>\n\t\t\t\t\t\t\t\t\t\t\t\t\t\t<\/span>\n\t\t\t\t\t\t\t\t\t\t\t\t<a class=\"elementor-accordion-title\" tabindex=\"0\">Frequently Asked Questions<\/a>\n\t\t\t\t\t<\/div>\n\t\t\t\t\t<div id=\"elementor-tab-content-6217\" class=\"elementor-tab-content elementor-clearfix\" data-tab=\"7\" role=\"region\" aria-labelledby=\"elementor-tab-title-6217\"><p><b>What type of project is eligible for the Visa for Entrepreneurs?<\/b><b><br \/>\n<\/b><span style=\"font-weight: 400;\">The project must be innovative, scalable, and have special economic interest for Spain. It must demonstrate its viability, potential to generate employment, and added value.<\/span><\/p>\n<p><b>Can I include my family in the application?<\/b><b><br \/>\n<\/b><span style=\"font-weight: 400;\">Yes, you can include your spouse and dependents (both minor and adult children who are financially dependent).<\/span><\/p>\n<p><b>What happens if my project is not accredited by ENISA?<\/b><b><br \/>\n<\/b><span style=\"font-weight: 400;\">If the project is not accredited, you will not be able to proceed with the visa application. It is advisable to review and improve the business plan according to ENISA&#8217;s feedback before resubmitting it.<\/span><\/p>\n<p><b>How long does the application process take?<\/b><b><br \/>\n<\/b><span style=\"font-weight: 400;\">ENISA&#8217;s assessment time may vary, but once the project has been accredited, the visa application is generally processed within 20 working days.<\/span><\/p>\n<p><b>What financial resources do I need to demonstrate in order to stay in Spain?<\/b><b><br \/>\n<\/b><span style=\"font-weight: 400;\">You must demonstrate that you have sufficient financial resources for yourself and your family members. While there is no fixed amount, it is assessed on a case-by-case basis.<\/span><\/p>\n<\/div>\n\t\t\t\t<\/div>\n\t\t\t\t\t\t\t<div class=\"elementor-accordion-item\">\n\t\t\t\t\t<div id=\"elementor-tab-title-6218\" class=\"elementor-tab-title\" data-tab=\"8\" role=\"button\" aria-controls=\"elementor-tab-content-6218\" aria-expanded=\"false\">\n\t\t\t\t\t\t\t\t\t\t\t\t\t<span class=\"elementor-accordion-icon elementor-accordion-icon-right\" aria-hidden=\"true\">\n\t\t\t\t\t\t\t\t\t\t\t\t\t\t\t<span class=\"elementor-accordion-icon-closed\"><i class=\"fas fa-chevron-down\"><\/i><\/span>\n\t\t\t\t\t\t\t\t<span class=\"elementor-accordion-icon-opened\"><i class=\"fas fa-chevron-up\"><\/i><\/span>\n\t\t\t\t\t\t\t\t\t\t\t\t\t\t<\/span>\n\t\t\t\t\t\t\t\t\t\t\t\t<a class=\"elementor-accordion-title\" tabindex=\"0\">Additional Information and Useful Links<\/a>\n\t\t\t\t\t<\/div>\n\t\t\t\t\t<div id=\"elementor-tab-content-6218\" class=\"elementor-tab-content elementor-clearfix\" data-tab=\"8\" role=\"region\" aria-labelledby=\"elementor-tab-title-6218\"><ul>\n<li style=\"font-weight: 400;\" aria-level=\"1\"><a href=\"https:\/\/www.inclusion.gob.es\/web\/unidadgrandesempresas\/emprendedores\" target=\"_blank\" rel=\"noopener\"><b>Visa for Entrepreneurs (Ministry of Inclusion, Social Security, and Migration)<\/b><\/a><\/li>\n<li style=\"font-weight: 400;\" aria-level=\"1\"><a href=\"https:\/\/www.enisa.es\/\" target=\"_blank\" rel=\"noopener\"><b>ENISA Entrepreneurs Portal<\/b><\/a><\/li>\n<\/ul>\n<\/div>\n\t\t\t\t<\/div>\n\t\t\t\t\t\t\t\t<\/div>\n\t\t\t\t\t\t<\/div>\n\t\t\t\t<\/div>\n\t\t\t\t\t<\/div>\n\t\t<\/div>\n\t\t\t\t\t<\/div>\n\t\t<\/section>\n\t\t\t\t<section class=\"elementor-section elementor-top-section elementor-element elementor-element-108838fa elementor-section-boxed elementor-section-height-default elementor-section-height-default\" data-id=\"108838fa\" data-element_type=\"section\" data-e-type=\"section\" data-settings=\"{&quot;background_background&quot;:&quot;classic&quot;}\">\n\t\t\t\t\t\t<div class=\"elementor-container elementor-column-gap-wider\">\n\t\t\t\t\t<div class=\"elementor-column elementor-col-100 elementor-top-column elementor-element elementor-element-26e91592\" data-id=\"26e91592\" data-element_type=\"column\" data-e-type=\"column\">\n\t\t\t<div class=\"elementor-widget-wrap elementor-element-populated\">\n\t\t\t\t\t\t<div class=\"elementor-element elementor-element-7b349ce9 elementor-widget elementor-widget-heading\" data-id=\"7b349ce9\" data-element_type=\"widget\" data-e-type=\"widget\" data-widget_type=\"heading.default\">\n\t\t\t\t<div class=\"elementor-widget-container\">\n\t\t\t\t\t<h2 class=\"elementor-heading-title elementor-size-default\">Join the M\u00e1laga WorkBay Community<\/h2>\t\t\t\t<\/div>\n\t\t\t\t<\/div>\n\t\t\t\t<div class=\"elementor-element elementor-element-187cce24 elementor-widget elementor-widget-heading\" data-id=\"187cce24\" data-element_type=\"widget\" data-e-type=\"widget\" data-widget_type=\"heading.default\">\n\t\t\t\t<div class=\"elementor-widget-container\">\n\t\t\t\t\t<p class=\"elementor-heading-title elementor-size-default\">Follow us on social media to stay updated on local events, relevant news, and useful tips for digital nomads in M\u00e1laga.<\/p>\t\t\t\t<\/div>\n\t\t\t\t<\/div>\n\t\t\t\t<div class=\"elementor-element elementor-element-3b4dda95 elementor-align-center elementor-mobile-align-center elementor-widget elementor-widget-button\" data-id=\"3b4dda95\" data-element_type=\"widget\" data-e-type=\"widget\" data-widget_type=\"button.default\">\n\t\t\t\t<div class=\"elementor-widget-container\">\n\t\t\t\t\t\t\t\t\t<div class=\"elementor-button-wrapper\">\n\t\t\t\t\t<a class=\"elementor-button elementor-button-link elementor-size-sm\" href=\"#elementor-action%3Aaction%3Dpopup%3Aopen%26settings%3DeyJpZCI6NjY5NywidG9nZ2xlIjpmYWxzZX0%3D\">\n\t\t\t\t\t\t<span class=\"elementor-button-content-wrapper\">\n\t\t\t\t\t\t<span class=\"elementor-button-icon\">\n\t\t\t\t<i aria-hidden=\"true\" class=\"fas fa-chevron-right\"><\/i>\t\t\t<\/span>\n\t\t\t\t\t\t\t\t\t<span class=\"elementor-button-text\">I want to be a BayWorker<\/span>\n\t\t\t\t\t<\/span>\n\t\t\t\t\t<\/a>\n\t\t\t\t<\/div>\n\t\t\t\t\t\t\t\t<\/div>\n\t\t\t\t<\/div>\n\t\t\t\t\t<\/div>\n\t\t<\/div>\n\t\t\t\t\t<\/div>\n\t\t<\/section>\n\t\t\t\t<\/div>\n\t\t","protected":false},"excerpt":{"rendered":"<p>Explore the Visa for Entrepreneurs in Spain. This residence permit empowers non-EU innovators to drive economic growth through their projects and stay with their families.<\/p>\n","protected":false},"author":14,"featured_media":0,"parent":0,"menu_order":14,"comment_status":"closed","ping_status":"closed","template":"","meta":{"_acf_changed":false,"footnotes":""},"class_list":["post-10465","page","type-page","status-publish"],"acf":[],"_links":{"self":[{"href":"https:\/\/malagaworkbay.com\/en\/wp-json\/wp\/v2\/pages\/10465","targetHints":{"allow":["GET"]}}],"collection":[{"href":"https:\/\/malagaworkbay.com\/en\/wp-json\/wp\/v2\/pages"}],"about":[{"href":"https:\/\/malagaworkbay.com\/en\/wp-json\/wp\/v2\/types\/page"}],"author":[{"embeddable":true,"href":"https:\/\/malagaworkbay.com\/en\/wp-json\/wp\/v2\/users\/14"}],"replies":[{"embeddable":true,"href":"https:\/\/malagaworkbay.com\/en\/wp-json\/wp\/v2\/comments?post=10465"}],"version-history":[{"count":0,"href":"https:\/\/malagaworkbay.com\/en\/wp-json\/wp\/v2\/pages\/10465\/revisions"}],"wp:attachment":[{"href":"https:\/\/malagaworkbay.com\/en\/wp-json\/wp\/v2\/media?parent=10465"}],"curies":[{"name":"wp","href":"https:\/\/api.w.org\/{rel}","templated":true}]}}